{"id":4788,"date":"2023-07-17T12:27:20","date_gmt":"2023-07-17T10:27:20","guid":{"rendered":"https:\/\/oya.cat\/politica-de-cookies\/"},"modified":"2023-08-02T19:27:02","modified_gmt":"2023-08-02T17:27:02","slug":"politica-de-cookies","status":"publish","type":"page","link":"https:\/\/oya.cat\/es\/politica-de-cookies\/","title":{"rendered":"Pol\u00edtica de cookies"},"content":{"rendered":"\t\t<div data-elementor-type=\"wp-page\" data-elementor-id=\"4788\" class=\"elementor elementor-4788 elementor-3033\">\n\t\t\t\t\t\t<section class=\"elementor-section elementor-top-section elementor-element elementor-element-c68d85a elementor-section-boxed elementor-section-height-default elementor-section-height-default\" data-id=\"c68d85a\" data-element_type=\"section\" data-e-type=\"section\">\n\t\t\t\t\t\t<div class=\"elementor-container elementor-column-gap-default\">\n\t\t\t\t\t<div class=\"elementor-column elementor-col-100 elementor-top-column elementor-element elementor-element-91acd7a\" data-id=\"91acd7a\" data-element_type=\"column\" data-e-type=\"column\">\n\t\t\t<div class=\"elementor-widget-wrap elementor-element-populated\">\n\t\t\t\t\t\t<div class=\"elementor-element elementor-element-f8026a5 elementor-widget elementor-widget-text-editor\" data-id=\"f8026a5\" data-element_type=\"widget\" data-e-type=\"widget\" data-widget_type=\"text-editor.default\">\n\t\t\t\t<div class=\"elementor-widget-container\">\n\t\t\t\t\t\t\t\t\t<header class=\"entry-header ast-no-thumbnail\">\n<h1 class=\"entry-title\">Cookie Policy (EU)<\/h1>\n<\/header>\n<div class=\"entry-content clear\">\n<div id=\"cmplz-document\" class=\"cmplz-document cookie-statement cmplz-document-eu\">\n<p><i>This Cookie Policy was last updated on 28\/03\/2023 and applies to citizens and legal permanent residents of the European Economic Area and Switzerland.<\/i><\/p>\n<h2>1. Introducci\u00f3n<\/h2>\n<p>Nuestro sitio web, <a href=\"https:\/\/oya.cat\">https:\/\/oya.cat<\/a> (de ahora en adelante, &#8220;el sitio web&#8221;) utiliza cookies y otras tecnolog\u00edas relacionadas (por comodidad, todas las tecnolog\u00edas se denominan &#8220;cookies&#8221;). Las cookies tambi\u00e9n son colocadas por terceros que hemos contratado. En el documento siguiente os informamos sobre el uso de las cookies en nuestro sitio web.<\/p>\n<h2>2. \u00bfQu\u00e9 son las cookies?<\/h2>\n<p>Una cookie es un fichero peque\u00f1o y sencillo que se env\u00eda juntamente con p\u00e1ginas de este sitio web y que vuestro navegador almacena en el disco duro del ordenador o de otro dispositivo. La informaci\u00f3n almacenada en \u00e9l se puede devolver a nuestros servidores o a los servidores de los terceros correspondientes durante una visita posterior.<\/p>\n<h2>3. \u00bfCu\u00e1les son los scripts?<\/h2>\n<p>Un script es una pieza de c\u00f3digo de programario que se utiliza para que nuestra web funcione correctamente e interactivamente. Este c\u00f3digo se ejecuta en nuestro servidor o en vuestro dispositivo.<\/p>\n<h2>4. \u00bfQu\u00e9 es un web beacon?<\/h2>\n<p>Una baliza web (o una etqiueta de p\u00edxel) es una peque\u00f1a e invisible pieza de texto o imagen en un sitio web que se utiliza para controlar el tr\u00e1fico de un sitio web. Para hacerlo, se almacenan varios datos utilizando balizas web.<\/p>\n<h2>5. Cookies<\/h2>\n<p class=\"cmplz-subtitle\">5.1 Cookies t\u00e9cnicas o funcionales<\/p>\n<p>Algunas cookies aseguran que ciertas partes del sitio web funcionan correctamente y que las preferencias de los usuarios sigan siendo conocidas. Utilizando cookies funcionales, os facilitamos que visit\u00e9is nuestro sitio web. De esta forma, no hace falta que introduzc\u00e1is repetidamente la misma informaci\u00f3n cuando visit\u00e1is nuestro sitio web y, por ejemplo, los elementos se quedan en el carro de la compra hasta que hay\u00e1is pagado. Podemos poner estas cookies sin vuestro consentimiento.<\/p>\n<p class=\"cmplz-subtitle\">5.2 Cookies de marketing\/rastreo<\/p>\n<p>Las cookies de marketing o de rastreo son cookies o cualquier otra forma de almacenaje local, utilizado para crear perfiles de usuario para mostra anuncios o para rastrear al usuario en este sitio web o a trav\u00e9s de otros sitios web para prop\u00f3sitos de marketing parecidos.<\/p>\n<h2>6. Cookies colocadas<\/h2>\n<div id=\"cmplz-cookies-overview\">\n<details class=\"cmplz-dropdown cmplz-service-desc cmplz-dropdown-cookiepolicy \" open=\"\">\n<div>\n<h3>Elementor<\/h3>\n<p>Estad\u00edsticas (an\u00f3nimo)<\/p>\n<p><label class=\"cmplz_consent_per_service_label\" for=\"cmplz_service_elementor\"><span class=\"screen-reader-text\">Consent to service elementor<\/span><\/label><\/p>\n<\/div>\n<div class=\"cmplz-service-description\">\n<h4>Uso<\/h4>\n<\/p>\n<\/div>\n<div class=\"cmplz-sharing-data\">\n<h4>Compartici\u00f3n de datos<\/h4>\n<p>Estos datos no son compartidos con terceros.<\/p>\n<\/div>\n<div class=\"cookies-per-purpose\">\n<div class=\"purpose\">\n<h4>Estad\u00edsticas (an\u00f3nimo)<\/h4>\n<\/div>\n<div class=\"name-header\">\n<h5>Nombre<\/h5>\n<\/div>\n<div class=\"name\"><a target=\"_blank\" rel=\"noopener noreferrer nofollow\" href=\"https:\/\/cookiedatabase.org\/cookie\/unknown-service\/elementor\/\">elementor<\/a><\/div>\n<div class=\"retention-header\">\n<h5>Expiration<\/h5>\n<\/div>\n<div class=\"retention\">persistente<\/div>\n<div class=\"function-header\">\n<h5>Funci\u00f3n<\/h5>\n<\/div>\n<div class=\"function\">Almacena las acciones hechas por los usuarios en el sitio web<\/div>\n<\/div>\n<\/details>\n<details class=\"cmplz-dropdown cmplz-service-desc cmplz-dropdown-cookiepolicy \">\n<div>\n<h3>WooCommerce<\/h3>\n<p>Estad\u00edsticas<\/p>\n<p><label class=\"cmplz_consent_per_service_label\" for=\"cmplz_service_woocommerce\"><span class=\"screen-reader-text\">Consent to service woocommerce<\/span><\/label><\/p>\n<\/div>\n<\/details>\n<details class=\"cmplz-dropdown cmplz-service-desc cmplz-dropdown-cookiepolicy \">\n<div>\n<h3>Google Analytics<\/h3>\n<p>Estad\u00edsticas<\/p>\n<p><label class=\"cmplz_consent_per_service_label\" for=\"cmplz_service_google-analytics\"><span class=\"screen-reader-text\">Consent to service google-analytics<\/span><\/label><\/p>\n<\/div>\n<\/details>\n<details class=\"cmplz-dropdown cmplz-service-desc cmplz-dropdown-cookiepolicy \">\n<div>\n<h3>Polylang<\/h3>\n<p>Funcional<\/p>\n<p><label class=\"cmplz_consent_per_service_label\" for=\"cmplz_service_polylang\"><span class=\"screen-reader-text\">Consent to service polylang<\/span><\/label><\/p>\n<\/div>\n<\/details>\n<details class=\"cmplz-dropdown cmplz-service-desc cmplz-dropdown-cookiepolicy \">\n<div>\n<h3>Burst Statistics<\/h3>\n<p>Estad\u00edsticas (an\u00f3nimo)<\/p>\n<p><label class=\"cmplz_consent_per_service_label\" for=\"cmplz_service_burst-statistics\"><span class=\"screen-reader-text\">Consent to service burst-statistics<\/span><\/label><\/p>\n<\/div>\n<\/details>\n<details class=\"cmplz-dropdown cmplz-service-desc cmplz-dropdown-cookiepolicy \">\n<div>\n<h3>Miscel\u00e1nea<\/h3>\n<p>Prop\u00f3sito pendiente de investigaci\u00f3n<\/p>\n<p><label class=\"cmplz_consent_per_service_label\" for=\"cmplz_service_miscel\u00b7l\u00e0nia\"><span class=\"screen-reader-text\">Consent to service miscel\u00e1nea<\/span><\/label><\/p>\n<\/div>\n<\/details>\n<\/div>\n<h2>7. Consentimiento<\/h2>\n<p>Cuando visit\u00e1is el sitio web por primera vez, os mostraremos un mensaje emergente con una explicaci\u00f3n sobre las cookies. En el momento en el que hag\u00e1is click en &#8220;Save preferences&#8221;, nos consent\u00eds a utilizar las categor\u00edas de cookies y extensiones que hab\u00e9is seleccionado en el mensaje emergente, tal y como se describe en esta Pol\u00edtica de Cookies. Pod\u00e9is desactivar el uso de cookies a trav\u00e9s de vuestros navegador, pero tened en cuenta que puede ser que nuestro sitio web ya no funcione correctamente.<\/p>\n<p class=\"cmplz-subtitle\">7.1 Gestionad vuestras preferencias de consentimiento<\/p>\n<div id=\"cmplz-manage-consent-container\" class=\"cmplz-manage-consent-container\">\n<div class=\"cmplz-categories\">\n<details class=\"cmplz-category cmplz-functional\" open=\"\">\n<summary><span class=\"cmplz-category-header\"> <span class=\"cmplz-category-title\">Functional<\/span> <span class=\"cmplz-always-active\"><span class=\"cmplz-banner-checkbox\"> <\/span> Siempre activo<\/span>  <span class=\"cmplz-icon cmplz-open\"> <\/span> <\/span><\/summary>\n<\/details>\n<\/div>\n<\/div>\n<\/div>\n<\/div>\n<details class=\"cmplz-category cmplz-functional\" open=\"\">\n<div class=\"cmplz-description\"><span class=\"cmplz-description-functional\">The technical storage or access is strictly necessary for the legitimate purpose of enabling the use of a specific service explicitly requested by the subscriber or user, or for the sole purpose of carrying out the transmission of a communication over an electronic communications network.<\/span><\/div>\n<\/details>\n<details class=\"cmplz-category cmplz-marketing\" open=\"\">\n<summary><span class=\"cmplz-category-header\"> <span class=\"cmplz-category-title\">Marketing<\/span> <span class=\"cmplz-banner-checkbox\"><input id=\"cmplz-marketing-optin\" class=\"cmplz-consent-checkbox cmplz-marketing\" size=\"40\" type=\"checkbox\" value=\"1\" data-category=\"cmplz_marketing\"> <label class=\"cmplz-label\" tabindex=\"0\" for=\"cmplz-marketing-optin\"><span class=\"screen-reader-text\">Marketing<\/span><\/label><\/span>  <span class=\"cmplz-icon cmplz-open\"> <\/span> <\/span><\/summary>\n<\/details>\n<div id=\"cmplz-manage-consent-container\" class=\"cmplz-manage-consent-container\">\n<div class=\"cmplz-categories\">\n<details class=\"cmplz-category cmplz-marketing\" open=\"\">\n<div class=\"cmplz-description\"><span class=\"cmplz-description-marketing\">The technical storage or access is required to create user profiles to send advertising, or to track the user on a website or across several websites for similar marketing purposes.<\/span><\/div>\n<\/details>\n<\/div>\n<\/div>\n<h2>8. Activaci\u00f3n \/ desactivaci\u00f3n y eliminaci\u00f3n de cookies<\/h2>\n<p>Pod\u00e9is utilizar el navegador para borrar las cookies autom\u00e1ticamente o manualmente. Adem\u00e1s, pod\u00e9is especificar que determinadas cookies no sean colocadas. Otra opci\u00f3n es cambiar las preferencias de vuestro navegador para recibir un mensaje cada vez que una cookie es colocada. Para m\u00e1s informaci\u00f3n, pod\u00e9is consultar las instrucciones en la Ayuda de vuestro navegador.<\/p>\n<p>Please note that our website may not work properly if all cookies are disabled. If you do delete the cookies in your browser, they will be placed again after your consent when you visit our website again.<\/p>\n<h2>9. Vuestros derechos respecto a los datos personales<\/h2>\n<p>Ten\u00e9is los derechos siguientes respecto a vuestros datos personales:<\/p>\n<ul>\n<li>Ten\u00e9is derecho a saber por qu\u00e9 se necesitan vuestros datos personales, qu\u00e9 le pasar\u00e1 y cu\u00e1nto tiempo se mantendr\u00e1.<\/li>\n<li>Derecho de acceso: ten\u00e9is derecho a acceder a vuestros datos personales que nos son conocidos.<\/li>\n<li>Derecho de rectificaci\u00f3n: ten\u00e9is derecho a completar, corregir, suprimir o bloquear vuestros datos personales siempre que lo dese\u00e9is.<\/li>\n<li>Si nos dais el consentimiento para procesar vuestros datos, ten\u00e9is el derecho de revocar este consentimiento y de suprimir vuestros datos personales.<\/li>\n<li>Derecho de transferir vuestros datos: ten\u00e9is el derecho de solicitar todos los datos personales del controlador y transferirlos en su totalidad a otro controlador.<\/li>\n<li>Derecho a la oposici\u00f3n: pod\u00e9is oponeros al procesamiento de vuestros datos. Cumplimos con ello, salvo que haya motivos justificados para el procesamiento.<\/li>\n<\/ul>\n<p>Para ejercer estos derechos, poneos en contacto con nosotros. Consultad los datos de contacto en la parte inferior de esta Pol\u00edtica de cookies. Si ten\u00e9is una queja sobre c\u00f3mo gestionamos vuestros datos, nos gustar\u00eda escucharos, pero tambi\u00e9n ten\u00e9is el derecho de presentar una reclamaci\u00f3n a la autoridad de supervisi\u00f3n (la Agencia de Protecci\u00f3n de Datos).<\/p>\n<h2>10. Detalles de contacto<\/h2>\n<p>Para preguntas y\/o comentarios sobre nuestra pol\u00edtica de cookies y esta declaraci\u00f3n, poneos en contacto con nosotros mediante los siguientes datos de contacto:<\/p>\n<p><span class=\"cmplz-contact-organisation\">OYA Arquitectura<\/span><br \/><span class=\"cmplz-contact-address\">Av. Ram\u00f3n Folch 13 Planta 4\u00aa \u00b7 17001 Girona<\/span><br \/><span class=\"cmplz-contact-country\">Espa\u00f1a<\/span><br \/>Sitio web: <span class=\"cmplz-contact-domain\"><a href=\"https:\/\/oya.cat\">https:\/\/oya.cat<\/a><\/span><br \/>Correo electr\u00f3nico: info@oya.cat<br \/><span class=\"cmplz-contact-telephone\">N\u00famero de tel\u00e9fono: +34 972 21 25 98<\/span><\/p>\n<p>This Cookie Policy was synchronized with <a href=\"https:\/\/cookiedatabase.org\/\" target=\"_blank\" rel=\"noopener\">cookiedatabase.org<\/a> on 26\/03\/2023.<\/p>\n\t\t\t\t\t\t\t\t<\/div>\n\t\t\t\t<\/div>\n\t\t\t\t<div class=\"elementor-element elementor-element-435e02b elementor-widget-divider--view-line elementor-widget elementor-widget-divider\" data-id=\"435e02b\" data-element_type=\"widget\" data-e-type=\"widget\" data-widget_type=\"divider.default\">\n\t\t\t\t<div class=\"elementor-widget-container\">\n\t\t\t\t\t\t\t<div class=\"elementor-divider\">\n\t\t\t<span class=\"elementor-divider-separator\">\n\t\t\t\t\t\t<\/span>\n\t\t<\/div>\n\t\t\t\t\t\t<\/div>\n\t\t\t\t<\/div>\n\t\t\t\t\t<\/div>\n\t\t<\/div>\n\t\t\t\t\t<\/div>\n\t\t<\/section>\n\t\t\t\t<\/div>\n\t\t","protected":false},"excerpt":{"rendered":"<p>Cookie Policy (EU) This Cookie Policy was last updated on 28\/03\/2023 and applies to citizens and legal permanent residents of the European Economic Area and Switzerland. 1. Introducci\u00f3n Nuestro sitio web, https:\/\/oya.cat (de ahora en adelante, &#8220;el sitio web&#8221;) utiliza cookies y otras tecnolog\u00edas relacionadas (por comodidad, todas las tecnolog\u00edas se denominan &#8220;cookies&#8221;). Las cookies [&hellip;]<\/p>\n","protected":false},"author":2,"featured_media":0,"parent":0,"menu_order":0,"comment_status":"closed","ping_status":"closed","template":"","meta":{"footnotes":""},"class_list":["post-4788","page","type-page","status-publish","hentry"],"yoast_head":"<!-- This site is optimized with the Yoast SEO plugin v27.4 - https:\/\/yoast.com\/product\/yoast-seo-wordpress\/ -->\n<title>Pol\u00edtica de cookies - OYA ARQUITECTURA<\/title>\n<meta name=\"robots\" content=\"index, follow, max-snippet:-1, max-image-preview:large, max-video-preview:-1\" \/>\n<link rel=\"canonical\" href=\"https:\/\/oya.cat\/es\/politica-de-cookies\/\" \/>\n<meta property=\"og:locale\" content=\"es_ES\" \/>\n<meta property=\"og:type\" content=\"article\" \/>\n<meta property=\"og:title\" content=\"Pol\u00edtica de cookies - OYA ARQUITECTURA\" \/>\n<meta property=\"og:description\" content=\"Cookie Policy (EU) This Cookie Policy was last updated on 28\/03\/2023 and applies to citizens and legal permanent residents of the European Economic Area and Switzerland. 1. Introducci\u00f3n Nuestro sitio web, https:\/\/oya.cat (de ahora en adelante, &#8220;el sitio web&#8221;) utiliza cookies y otras tecnolog\u00edas relacionadas (por comodidad, todas las tecnolog\u00edas se denominan &#8220;cookies&#8221;). Las cookies [&hellip;]\" \/>\n<meta property=\"og:url\" content=\"https:\/\/oya.cat\/es\/politica-de-cookies\/\" \/>\n<meta property=\"og:site_name\" content=\"OYA ARQUITECTURA\" \/>\n<meta property=\"article:modified_time\" content=\"2023-08-02T17:27:02+00:00\" \/>\n<meta name=\"twitter:card\" content=\"summary_large_image\" \/>\n<meta name=\"twitter:label1\" content=\"Tiempo de lectura\" \/>\n\t<meta name=\"twitter:data1\" content=\"5 minutos\" \/>\n<script type=\"application\/ld+json\" class=\"yoast-schema-graph\">{\"@context\":\"https:\\\/\\\/schema.org\",\"@graph\":[{\"@type\":\"WebPage\",\"@id\":\"https:\\\/\\\/oya.cat\\\/es\\\/politica-de-cookies\\\/\",\"url\":\"https:\\\/\\\/oya.cat\\\/es\\\/politica-de-cookies\\\/\",\"name\":\"Pol\u00edtica de cookies - OYA ARQUITECTURA\",\"isPartOf\":{\"@id\":\"https:\\\/\\\/oya.cat\\\/#website\"},\"datePublished\":\"2023-07-17T10:27:20+00:00\",\"dateModified\":\"2023-08-02T17:27:02+00:00\",\"breadcrumb\":{\"@id\":\"https:\\\/\\\/oya.cat\\\/es\\\/politica-de-cookies\\\/#breadcrumb\"},\"inLanguage\":\"es\",\"potentialAction\":[{\"@type\":\"ReadAction\",\"target\":[\"https:\\\/\\\/oya.cat\\\/es\\\/politica-de-cookies\\\/\"]}]},{\"@type\":\"BreadcrumbList\",\"@id\":\"https:\\\/\\\/oya.cat\\\/es\\\/politica-de-cookies\\\/#breadcrumb\",\"itemListElement\":[{\"@type\":\"ListItem\",\"position\":1,\"name\":\"Inici\",\"item\":\"https:\\\/\\\/oya.cat\\\/es\\\/inicio\\\/\"},{\"@type\":\"ListItem\",\"position\":2,\"name\":\"Pol\u00edtica de cookies\"}]},{\"@type\":\"WebSite\",\"@id\":\"https:\\\/\\\/oya.cat\\\/#website\",\"url\":\"https:\\\/\\\/oya.cat\\\/\",\"name\":\"OYA ARQUITECTURA\",\"description\":\"Oya Equip d&#039;Arquitectura\",\"potentialAction\":[{\"@type\":\"SearchAction\",\"target\":{\"@type\":\"EntryPoint\",\"urlTemplate\":\"https:\\\/\\\/oya.cat\\\/?s={search_term_string}\"},\"query-input\":{\"@type\":\"PropertyValueSpecification\",\"valueRequired\":true,\"valueName\":\"search_term_string\"}}],\"inLanguage\":\"es\"}]}<\/script>\n<!-- \/ Yoast SEO plugin. -->","yoast_head_json":{"title":"Pol\u00edtica de cookies - OYA ARQUITECTURA","robots":{"index":"index","follow":"follow","max-snippet":"max-snippet:-1","max-image-preview":"max-image-preview:large","max-video-preview":"max-video-preview:-1"},"canonical":"https:\/\/oya.cat\/es\/politica-de-cookies\/","og_locale":"es_ES","og_type":"article","og_title":"Pol\u00edtica de cookies - OYA ARQUITECTURA","og_description":"Cookie Policy (EU) This Cookie Policy was last updated on 28\/03\/2023 and applies to citizens and legal permanent residents of the European Economic Area and Switzerland. 1. Introducci\u00f3n Nuestro sitio web, https:\/\/oya.cat (de ahora en adelante, &#8220;el sitio web&#8221;) utiliza cookies y otras tecnolog\u00edas relacionadas (por comodidad, todas las tecnolog\u00edas se denominan &#8220;cookies&#8221;). Las cookies [&hellip;]","og_url":"https:\/\/oya.cat\/es\/politica-de-cookies\/","og_site_name":"OYA ARQUITECTURA","article_modified_time":"2023-08-02T17:27:02+00:00","twitter_card":"summary_large_image","twitter_misc":{"Tiempo de lectura":"5 minutos"},"schema":{"@context":"https:\/\/schema.org","@graph":[{"@type":"WebPage","@id":"https:\/\/oya.cat\/es\/politica-de-cookies\/","url":"https:\/\/oya.cat\/es\/politica-de-cookies\/","name":"Pol\u00edtica de cookies - OYA ARQUITECTURA","isPartOf":{"@id":"https:\/\/oya.cat\/#website"},"datePublished":"2023-07-17T10:27:20+00:00","dateModified":"2023-08-02T17:27:02+00:00","breadcrumb":{"@id":"https:\/\/oya.cat\/es\/politica-de-cookies\/#breadcrumb"},"inLanguage":"es","potentialAction":[{"@type":"ReadAction","target":["https:\/\/oya.cat\/es\/politica-de-cookies\/"]}]},{"@type":"BreadcrumbList","@id":"https:\/\/oya.cat\/es\/politica-de-cookies\/#breadcrumb","itemListElement":[{"@type":"ListItem","position":1,"name":"Inici","item":"https:\/\/oya.cat\/es\/inicio\/"},{"@type":"ListItem","position":2,"name":"Pol\u00edtica de cookies"}]},{"@type":"WebSite","@id":"https:\/\/oya.cat\/#website","url":"https:\/\/oya.cat\/","name":"OYA ARQUITECTURA","description":"Oya Equip d&#039;Arquitectura","potentialAction":[{"@type":"SearchAction","target":{"@type":"EntryPoint","urlTemplate":"https:\/\/oya.cat\/?s={search_term_string}"},"query-input":{"@type":"PropertyValueSpecification","valueRequired":true,"valueName":"search_term_string"}}],"inLanguage":"es"}]}},"meta_box":{"mb_page_sidebar_layout":"","mb_page_sidebar_def":"","mb_page_sidebar_def_width":"","mb_sticky_sidebar":"","mb_sidebar_gap":"","mb_page_colors_switch":"","mb_page_theme_color":"","mb_page_theme_secondary_color":"","mb_body_background_color":"","mb_scroll_up_bg_color":"","mb_scroll_up_arrow_color":"","mb_customize_logo":"","mb_header_logo":[],"mb_logo_height_custom":"","mb_logo_height":"","mb_logo_sticky":[],"mb_sticky_logo_height_custom":"","mb_sticky_logo_height":"","mb_logo_mobile":[],"mb_mobile_logo_height_custom":"","mb_mobile_logo_height":"","mb_logo_mobile_menu":[],"mb_mobile_logo_menu_height_custom":"","mb_mobile_logo_menu_height":"","mb_header_building_tool":"","mb_customize_header_e":"","mb_customize_header":"","mb_customize_header_layout":"","mb_menu_header":"","mb_header_sticky":"","mb_sticky_header_content_type":"","mb_customize_sticky_header":"","mb_mobile_menu_custom":"","mb_mobile_menu_header":"","mb_page_title_switch":"","mb_page_title_bg_switch":"","mb_page_title_bg":"","mb_page_title_height":"","mb_page_title_align":"","mb_page_title_padding":"","mb_page_title_margin":"","mb_page_title_border_switch":"","mb_page_title_border_color":"","mb_page_title_border_bottom_switch":"","mb_page_title_border_bottom_color":"","mb_page_title_parallax":"","mb_page_title_parallax_speed":"","mb_page_change_tile_switch":"","mb_page_change_tile":"","mb_page_title_breadcrumbs_switch":"","mb_page_title_breadcrumbs_align":"","mb_page_title_font":"","mb_page_title_breadcrumbs_font":"","mb_page_title_resp_switch":"","mb_page_title_resp_resolution":"","mb_page_title_resp_height":"","mb_page_title_resp_padding":"","mb_page_title_resp_font":"","mb_page_title_resp_breadcrumbs_switch":"","mb_page_title_resp_breadcrumbs_font":"","mb_customize_side_panel":"","mb_side_panel_content_type":"","mb_side_panel_page_select":"","mb_side_panel_spacing":"","mb_side_panel_title_color":"","mb_side_panel_text_color":"","mb_side_panel_bg":"","mb_side_panel_text_alignment":"","mb_side_panel_width":"","mb_side_panel_position":"","mb_customize_soc_shares":"","mb_soc_icon_style":"","mb_soc_icon_position":"","mb_soc_icon_offset":"","mb_soc_icon_facebook":"","mb_soc_icon_twitter":"","mb_soc_icon_linkedin":"","mb_soc_icon_pinterest":"","mb_soc_icon_tumblr":"","mb_footer_switch":"","mb_footer_add_wave":"","mb_footer_wave_height":"","mb_footer_content_type":"","mb_footer_page_select":"","mb_footer_spacing":"","mb_footer_bg":"","mb_copyright_switch":"","mb_copyright_editor":"","mb_copyright_text_color":"","mb_copyright_bg_color":"","mb_copyright_spacing":""},"_links":{"self":[{"href":"https:\/\/oya.cat\/es\/wp-json\/wp\/v2\/pages\/4788","targetHints":{"allow":["GET"]}}],"collection":[{"href":"https:\/\/oya.cat\/es\/wp-json\/wp\/v2\/pages"}],"about":[{"href":"https:\/\/oya.cat\/es\/wp-json\/wp\/v2\/types\/page"}],"author":[{"embeddable":true,"href":"https:\/\/oya.cat\/es\/wp-json\/wp\/v2\/users\/2"}],"replies":[{"embeddable":true,"href":"https:\/\/oya.cat\/es\/wp-json\/wp\/v2\/comments?post=4788"}],"version-history":[{"count":1,"href":"https:\/\/oya.cat\/es\/wp-json\/wp\/v2\/pages\/4788\/revisions"}],"predecessor-version":[{"id":4789,"href":"https:\/\/oya.cat\/es\/wp-json\/wp\/v2\/pages\/4788\/revisions\/4789"}],"wp:attachment":[{"href":"https:\/\/oya.cat\/es\/wp-json\/wp\/v2\/media?parent=4788"}],"curies":[{"name":"wp","href":"https:\/\/api.w.org\/{rel}","templated":true}]}}